{"id":3,"date":"2024-09-18T17:03:34","date_gmt":"2024-09-18T15:03:34","guid":{"rendered":"https:\/\/www.forensia.it\/?page_id=3"},"modified":"2026-02-06T17:13:03","modified_gmt":"2026-02-06T16:13:03","slug":"privacy-policy","status":"publish","type":"page","link":"https:\/\/www.forensia.it\/index.php\/privacy-policy\/","title":{"rendered":"Privacy Policy"},"content":{"rendered":"\r\n<h1 class=\"wp-block-heading\">1.\u00a0\u00a0 Introduzione<\/h1>\r\n<p>La presente Informativa sulla Privacy descrive le modalit\u00e0 con cui lo Studio Legale Forensia Legali Associati, utilizza, conserva e protegge i dati personali degli utenti che visitano il nostro sito web <a href=\"http:\/\/www.forensia.it\/\">www.forensia.it.<\/a> Siamo impegnati a proteggere la privacy dei nostri clienti e dei visitatori del nostro sito e a trattare i loro dati personali nel rispetto della normativa applicabile, inclusi il Regolamento UE 2016\/679 (GDPR &#8211; Regolamento Generale sulla Protezione dei Dati) e il Decreto Legislativo 196\/2003 (Codice in materia di protezione dei dati personali).<\/p>\r\n<p>Prima di comunicare qualsiasi dato personale, lo Studio Legale Forensia Legali Associati ti invita a leggere con attenzione la presente privacy policy, poich\u00e9 contiene informazioni importanti sulla tutela dei dati personali e sulle misure di sicurezza adottate per garantirne la riservatezza nel pieno rispetto della normativa applicabile.<\/p>\r\n<p>La presente privacy policy si intende resa solo per il sito <a href=\"http:\/\/www.forensia.it\/\">www.forensia.it<\/a> \u00a0e non si applica ad altri siti web eventualmente consultati tramite link esterni; \u00e8 da intendersi quale informativa resa ai sensi dell\u2019art. 13 della normativa applicabile a coloro che interagiscono con il Sito; si conforma alla Raccomandazione n. 2\/2001 relativa ai requisiti minimi per la raccolta di dati on-line nell\u2019Unione Europea, adottata il 17\/5\/2001 dal Gruppo di Lavoro articolo 29.<\/p>\r\n<p>Lo Studio Legale Forensia Legali Associati ti informa che il trattamento dei tuoi dati personali sar\u00e0 improntato ai principi di liceit\u00e0, correttezza, trasparenza, limitazione delle finalit\u00e0 e della conservazione, minimizzazione dei dati, esattezza, integrit\u00e0 e riservatezza. I tuoi dati personali verranno pertanto trattati in accordo con le disposizioni legislative della normativa applicabile e con gli obblighi di riservatezza ivi previsti.<\/p>\r\n<h1>2.\u00a0\u00a0\u00a0 Titolare del trattamento<\/h1>\r\n<p>Il titolare del trattamento \u00e8 lo Studio Legale Forensia Legali Associati, P.I. 02925160612, con sede legale in Via Bagutta n.13, 20121 \u2013 Milano (MI). Per qualsiasi domanda o richiesta relativa al trattamento dei dati personali, \u00e8 possibile contattarci ai seguenti recapiti:<\/p>\r\n<p>Email: <a href=\"mailto:info@forensia.it\">info@forensia.it<\/a> Telefono: 0282941356<\/p>\r\n<p>&nbsp;<\/p>\r\n<h1>3.\u00a0\u00a0\u00a0 Tipologie di dati raccolti<\/h1>\r\n<p>Per \u201cDati Personali\u201d si intende qualsiasi informazione riguardante una persona fisica identificata o identificabile con particolare riferimento a un identificativo come il nome, un numero di identificazione, dati relativi all\u2019ubicazione, un identificativo online o a uno o pi\u00f9 elementi caratteristici della sua identit\u00e0 fisica, fisiologica, psichica, economica, culturale o sociale.<\/p>\r\n<p>Durante la navigazione sul sito web <a href=\"http:\/\/www.forensia.it\/\">www.forensia.it,<\/a> i dati personali raccolti e trattati sono i seguenti:<\/p>\r\n<ul>\r\n<li><strong>Dati forniti volontariamente dall&#8217;utente<\/strong>: attraverso <a href=\"http:\/\/www.forensia.it\/\">forensia.it<\/a> hai la possibilit\u00e0 di<\/li>\r\n<\/ul>\r\n<p>fornire volontariamente dati personali come nome, cognome, indirizzo email, numero di telefono e altre informazioni, nei moduli di contatto e di iscrizione alla newsletter presenti sul nostro sito. Il Titolare tratter\u00e0 questi dati nel rispetto della normativa applicabile, assumendo che siano riferiti a te o a terzi soggetti che ti hanno espressamente autorizzato a conferirli in base ad un\u2019idonea base giuridica che ne legittima il trattamento. Rispetto a tali ipotesi, ti poni come autonomo titolare del trattamento, assumendoti tutti gli obblighi e le responsabilit\u00e0 di legge. In tal senso, conferisci sul punto la pi\u00f9 ampia manleva rispetto ad ogni contestazione, pretesa, richiesta di risarcimento del danno da trattamento, etc. che dovesse pervenire allo Studio Legale Forensia Legali Associati da terzi soggetti i cui dati personali siano stati trattati attraverso il tuo utilizzo del Sito in violazione della normativa applicabile.<\/p>\r\n<ul>\r\n<li><strong>Dati di navigazione<\/strong>: I sistemi informatici e le procedure software preposte al funzionamento del sito web <a href=\"http:\/\/www.forensia.it\/\">forensia.it<\/a> acquisiscono, nel corso del loro normale esercizio, alcuni dati personali la cui trasmissione \u00e8 implicita nell\u2019uso dei protocolli di comunicazione internet. Si tratta di informazioni che non sono raccolte per essere associate a interessati identificati ma che, per loro stessa natura, potrebbero attraverso elaborazioni ed associazioni con dati detenuti da terzi permettere di identificare gli utenti. In questa categoria di dati rientrano gli indirizzi IP o i nomi a dominio dei <em>computers <\/em>utilizzati dagli utenti che si connettono al sito, gli indirizzi in notazione URI (Uniform Resource Identifier) delle risorse richieste, l\u2019orario della richiesta, il metodo utilizzato nel sottoporre la richiesta al <em>server<\/em>, la dimensione del file ottenuto in risposta, il codice numerico indicante lo stato<\/li>\r\n<\/ul>\r\n<p>&nbsp;<\/p>\r\n<p>della risposta data dal <em>server <\/em>(buon fine, errore, ecc.) ed altri parametri relativi al sistema operativo e all\u2019ambiente informatico dell\u2019utente. Questi dati vengono utilizzati al solo fine di ricavare informazioni statistiche anonime sull\u2019uso del sito <em>web, <\/em>per controllarne il corretto funzionamento e per permettere la corretta erogazione delle varie funzionalit\u00e0 da te richieste. I dati potrebbero essere utilizzati per l\u2019accertamento di responsabilit\u00e0 in caso di ipotetici reati informatici ai danni del sito web.<\/p>\r\n<ul>\r\n<li><strong>Cookie e tecnologie simili<\/strong>: Utilizziamo cookie per migliorare l&#8217;esperienza di navigazione<\/li>\r\n<\/ul>\r\n<p>dell&#8217;utente e per raccogliere informazioni sull&#8217;uso del sito. Per ulteriori dettagli, si prega di consultare la nostra <u>Cookie Policy<\/u>.<\/p>\r\n<h1>4.\u00a0\u00a0\u00a0 Finalit\u00e0 e Base giuridica del trattamento<\/h1>\r\n<p>I dati personali sono trattati per le seguenti finalit\u00e0 e sulla base delle seguenti basi giuridiche:<\/p>\r\n<ul>\r\n<li><strong>Erogazione dei servizi legali richiesti, gestione delle comunicazioni con i clienti e adempimento degli obblighi contrattuali<\/strong>. Base giuridica: il trattamento \u00e8 necessario all\u2019esecuzione di un contratto di cui l\u2019interessato \u00e8 parte o all\u2019esecuzione di misure precontrattuali adottate su richiesta dello stesso (art.6, 1, lett. b, GDPR).<\/li>\r\n<li><strong>Invio di aggiornamenti, articoli tramite newsletter, inviti ed eventi<\/strong>. Base giuridica: il trattamento si basa sul consenso specifico, libero e informato dell\u2019interessato (art.6, par.1 a, GDPR).<\/li>\r\n<li><strong>Risposta a richieste di informazioni e assistenza pervenute tramite i moduli di contatto<\/strong>. Base giuridica: il trattamento \u00e8 necessario all\u2019esecuzione di misure precontrattuali adottate su richiesta dell\u2019interessato (art.6, 1, lett. b, GDPR).<\/li>\r\n<li><strong>Analisi del comportamento degli utenti sul sito per migliorare la qualit\u00e0 dei servizi<\/strong>. Base giuridica: il trattamento \u00e8 necessario per il perseguimento del legittimo interesse del Titolare a migliorare i propri servizi e il sito web (art. 6, 1, lett. f, GDPR), a condizione che non prevalgano gli interessi o i diritti e le libert\u00e0 fondamentali dell\u2019interessato.<\/li>\r\n<\/ul>\r\n<h1>\u00b7\u00a0\u00a0\u00a0\u00a0\u00a0\u00a0\u00a0\u00a0 Adempimento di obblighi di legge e risposta a richieste delle autorit\u00e0 competenti. Base<\/h1>\r\n<p>giuridica: il trattamento \u00e8 necessario per adempiere un obbligo legale al quale \u00e8 soggetto il titolare del trattamento (art. 6, par. 1, lett. c, GDPR).<\/p>\r\n<p>&nbsp;<\/p>\r\n<ul>\r\n<li><strong>Garanzia della sicurezza delle infrastrutture e prevenzioni di frodi e abusi<\/strong>. Base giuridica: il trattamento \u00e8 necessario per il perseguimento del legittimo interesse del titolare a tutelare il proprio patrimonio e la sicurezza dei propri sistemi (art. 6, par. 1, lett. f, GDPR).<\/li>\r\n<\/ul>\r\n<h1>5.\u00a0\u00a0 Modalit\u00e0 di trattamento<\/h1>\r\n<p>Il trattamento dei dati personali viene effettuato mediante strumenti manuali, informatici e telematici, con logiche strettamente correlate alle finalit\u00e0 indicate e, comunque, in modo da garantire la sicurezza e la riservatezza dei dati stessi.<\/p>\r\n<h1>6.\u00a0\u00a0\u00a0 Conservazione dei dati<\/h1>\r\n<p>I dati personali saranno conservati per il tempo strettamente necessario al conseguimento delle finalit\u00e0 per le quali sono stati raccolti e per adempiere agli obblighi legali e contrattuali. I dati conferiti sono conservati per il tempo necessario a prestare i servizi oggetto dei contratti, ad adempiere agli obblighi di legge posti in capo al Titolare come gli obblighi fiscali, tributari, civilistici di tenuta della contabilit\u00e0 e della corrispondenza ecc., nonch\u00e9 a tutelare gli interessi legittimi del Titolare come la difesa dei propri diritti derivanti dai contratti con l\u2019Interessato o per la tutela dei propri diritti davanti alle competenti Autorit\u00e0 (ci\u00f2 nei limiti del periodo di prescrizione delle pretese di terzi nei confronti del Titolare es. diritto al risarcimento dei danni extracontrattuale, diritto al risarcimento dei danni contrattuali). In particolare:<\/p>\r\n<ul>\r\n<li>Dati di contatto: Conservati fino a quando sar\u00e0 necessario per rispondere alle richieste<\/li>\r\n<\/ul>\r\n<p>dell&#8217;utente.<\/p>\r\n<ul>\r\n<li>Dati contrattuali: Conservati per tutta la durata del rapporto contrattuale e per i successivi 10 anni, salvo diverse disposizioni di legge.<\/li>\r\n<li>Dati di marketing: Conservati fino alla revoca del consenso da parte dell&#8217;utente.<\/li>\r\n<li>Dati di navigazione: Conservati per un periodo massimo di 12<\/li>\r\n<\/ul>\r\n<p>Per maggiori informazioni sul periodo di conservazione dei dati potete rivolgervi al titolare scrivendo all&#8217;indirizzo e-mail <a href=\"mailto:info@forensia.it\">info@forensia.it.<\/a><\/p>\r\n<h1>7.\u00a0\u00a0 Diritti dell&#8217;interessato<\/h1>\r\n<p>In qualit\u00e0 di interessato relativamente al trattamento dei tuoi dati personali hai il diritto di ottenere la conferma dell\u2019esistenza o meno dei medesimi, di conoscerne il contenuto, verificarne l\u2019esattezza,<\/p>\r\n<p>&nbsp;<\/p>\r\n<p>di accedere ai tuoi dati, di chiederne l\u2019origine, la rettifica, l\u2019integrazione, la cancellazione, le finalit\u00e0 e modalit\u00e0 del trattamento, l\u2019aggiornamento se incompleti, erronei o raccolti in violazione della legge nonch\u00e9 di opporti al loro trattamento e di ottenere la limitazione del trattamento; hai diritto alla trasformazione in forma anonima e al blocco dei dati trattati in violazione di legge; hai diritto, infine, alla portabilit\u00e0 dei tuoi dati.<\/p>\r\n<p>In qualit\u00e0 di interessato, hai il diritto di esercitare i seguenti diritti in relazione ai tuoi dati personali:<\/p>\r\n<ol>\r\n<li>Diritto di accesso: Ottenere la conferma che sia o meno in corso un trattamento di dati personali che ti riguardano e, in tal caso, di ottenere l\u2019accesso ai dati personali e alle informazioni relative al trattamento.<\/li>\r\n<li>Diritto di rettifica: Ottenere la rettifica dei dati personali inesatti che ti riguardano senza ingiustificato ritardo.<\/li>\r\n<li>Diritto alla cancellazione (\u201cdiritto all\u2019oblio\u201d): Ottenere la cancellazione dei dati personali che ti riguardano senza ingiustificato ritardo.<\/li>\r\n<li>Diritto di limitazione del trattamento: Ottenere la limitazione del trattamento in determinate ipotesi.<\/li>\r\n<li>Diritto alla portabilit\u00e0 dei dati: Ricevere in formato strutturato, di uso comune e leggibile da dispositivo automatico i dati personali che ti riguardano e trasmettere tali dati a un altro titolare del trattamento.<\/li>\r\n<li>Diritto di opposizione: Opporsi in qualsiasi momento al trattamento dei dati personali che ti riguardano per finalit\u00e0 di marketing o qualora il trattamento si basi sul legittimo interesse del Titolare.<\/li>\r\n<li>Diritto di non essere sottoposto a decisioni automatizzate: Non essere sottoposto a una decisione basata unicamente sul trattamento automatizzato, compresa la profilazione, che produca effetti giuridici che ti riguardano o che incida in modo analogo significativamente sulla tua persona.<\/li>\r\n<\/ol>\r\n<p>Le richieste per l&#8217;esercizio dei diritti possono essere inviate ai contatti indicati nella sezione 2.<\/p>\r\n<p>&nbsp;<\/p>\r\n<h1>8.\u00a0\u00a0\u00a0 Comunicazione e diffusione dei dati<\/h1>\r\n<p>I dati personali non saranno diffusi, ma potranno essere comunicati a soggetti terzi che forniscono servizi strumentali alle finalit\u00e0 indicate, quali:<\/p>\r\n<ul>\r\n<li>Fornitori di servizi tecnici e IT: Per la gestione e manutenzione del nostro sito web e dei<\/li>\r\n<\/ul>\r\n<p>sistemi informatici.<\/p>\r\n<ul>\r\n<li>Collaboratori e consulenti legali: Per l&#8217;erogazione dei servizi legali<\/li>\r\n<li>Autorit\u00e0 competenti: In caso di adempimento di obblighi legali o su richiesta delle<\/li>\r\n<li>Societ\u00e0 terze: Per finalit\u00e0 di marketing e comunicazione, previa acquisizione del consenso dell&#8217;utente.<\/li>\r\n<\/ul>\r\n<p>&nbsp;<\/p>\r\n<h1>9.\u00a0\u00a0\u00a0 Trasferimento dei dati all&#8217;estero<\/h1>\r\n<p>I dati personali sono conservati su server ubicati all\u2019interno dell\u2019Unione Europea. Tuttavia, alcuni dati potrebbero essere condivisi con fornitori di servizi che potrebbero avere sede o trasferire i dati in paesi terzi, come gli Stati Uniti. Tali trasferimenti avvengono nel rispetto delle disposizioni del GDPR e delle decisioni di adeguatezza della Commissione Europea, o in base a garanzie adeguate come clausole contrattuali standard.<\/p>\r\n<p>&nbsp;<\/p>\r\n<h1>10.\u00a0\u00a0\u00a0\u00a0 Reclami<\/h1>\r\n<p>Nel caso in cui tu ritenga che i tuoi dati personali siano stati trattati in modo non conforme alla normativa ha diritto di proporre reclamo all&#8217;Autorit\u00e0 Garante per la protezione dei dati personali in Roma, Piazza di Monte Citorio n. 121, Centralino telefonico: (+39) 06.696771, e- mail: <a href=\"mailto:garante@gpdp.it\">garante@gpdp.it.<\/a><\/p>\r\n<p>&nbsp;<\/p>\r\n<h1>11.\u00a0\u00a0 Minori<\/h1>\r\n<p>I nostri servizi non sono destinati a minori di 18 anni. Non raccogliamo consapevolmente dati personali di minori. Se veniamo a conoscenza di aver raccolto dati personali di un minore senza il consenso dei genitori, provvederemo a cancellare tali dati il prima possibile.<\/p>\r\n<p>&nbsp;<\/p>\r\n<h1>12.\u00a0\u00a0\u00a0 Misure di sicurezza<\/h1>\r\n<p>Adottiamo misure di sicurezza tecniche e organizzative adeguate per proteggere i dati personali da perdita, uso improprio, accesso non autorizzato, divulgazione, alterazione e distruzione.<\/p>\r\n<p>&nbsp;<\/p>\r\n<h1>13.\u00a0\u00a0 Modifiche alla presente Informativa<\/h1>\r\n<p>Ci riserviamo il diritto di modificare la presente Informativa sulla Privacy in qualsiasi momento. Le modifiche saranno pubblicate su questa pagina e, se significative, saranno notificate tramite il sito o via email.<\/p>\r\n<p>&nbsp;<\/p>\r\n<h1>14.\u00a0\u00a0\u00a0 Contatti<\/h1>\r\n<p>Per ulteriori informazioni o per esercitare i propri diritti, \u00e8 possibile contattarci ai seguenti riferimenti:<\/p>\r\n<p>Studio Legale Forensia Legali Associati Via Bagutta n. 13,<\/p>\r\n<p>20121 \u2013 Milano (MI) Email: <a href=\"mailto:info@forensia.it\">info@forensia.it<\/a> Telefono: 0282941356<\/p>\r\n<p>&nbsp;<\/p>\r\n<p><strong>Ultimo<\/strong> <strong>aggiornamento:<\/strong> <strong>gennaio<\/strong> <strong>2026<\/strong><\/p>\r\n\r\n<p>&nbsp;<\/p>","protected":false},"excerpt":{"rendered":"<p>1.\u00a0\u00a0 Introduzione La presente Informativa sulla Privacy descrive le modalit\u00e0 con cui lo Studio Legale Forensia Legali Associati, utilizza, conserva e protegge i dati personali degli utenti che visitano il nostro sito web www.forensia.it. Siamo impegnati a proteggere la privacy dei nostri clienti e dei visitatori del nostro sito e a trattare i loro dati<\/p>\n","protected":false},"author":1,"featured_media":0,"parent":0,"menu_order":0,"comment_status":"closed","ping_status":"open","template":"","meta":{"_joinchat":[],"footnotes":""},"class_list":["post-3","page","type-page","status-publish","hentry"],"_links":{"self":[{"href":"https:\/\/www.forensia.it\/index.php\/wp-json\/wp\/v2\/pages\/3","targetHints":{"allow":["GET"]}}],"collection":[{"href":"https:\/\/www.forensia.it\/index.php\/wp-json\/wp\/v2\/pages"}],"about":[{"href":"https:\/\/www.forensia.it\/index.php\/wp-json\/wp\/v2\/types\/page"}],"author":[{"embeddable":true,"href":"https:\/\/www.forensia.it\/index.php\/wp-json\/wp\/v2\/users\/1"}],"replies":[{"embeddable":true,"href":"https:\/\/www.forensia.it\/index.php\/wp-json\/wp\/v2\/comments?post=3"}],"version-history":[{"count":1,"href":"https:\/\/www.forensia.it\/index.php\/wp-json\/wp\/v2\/pages\/3\/revisions"}],"predecessor-version":[{"id":1621,"href":"https:\/\/www.forensia.it\/index.php\/wp-json\/wp\/v2\/pages\/3\/revisions\/1621"}],"wp:attachment":[{"href":"https:\/\/www.forensia.it\/index.php\/wp-json\/wp\/v2\/media?parent=3"}],"curies":[{"name":"wp","href":"https:\/\/api.w.org\/{rel}","templated":true}]}}